{"id":2068,"date":"2021-11-05T13:18:07","date_gmt":"2021-11-05T13:18:07","guid":{"rendered":"https:\/\/www.heger.legal\/?page_id=2068"},"modified":"2021-11-05T13:31:09","modified_gmt":"2021-11-05T13:31:09","slug":"home","status":"publish","type":"page","link":"https:\/\/www.heger.legal\/","title":{"rendered":"Home"},"content":{"rendered":"\n<p>HEGER LEGAL, advok\u00e1tn\u00ed kancel\u00e1\u0159 pozastavila svou \u010dinnost s \u00fa\u010dinnost\u00ed od 1.11.2021.<\/p>\n\n\n\n<p><\/p>\n\n\n\n<p>V p\u0159\u00edpad\u011b jak\u00fdchkoliv dotaz\u016f n\u00e1s pros\u00edm kontaktujte na: info@heger.legal<\/p>\n","protected":false},"excerpt":{"rendered":"<p>HEGER LEGAL, advok\u00e1tn\u00ed kancel\u00e1\u0159 pozastavila svou \u010dinnost s \u00fa\u010dinnost\u00ed od 1.11.2021. V p\u0159\u00edpad\u011b jak\u00fdchkoliv dotaz\u016f n\u00e1s pros\u00edm kontaktujte na: info@heger.legal<\/p>\n","protected":false},"author":1,"featured_media":0,"parent":0,"menu_order":0,"comment_status":"closed","ping_status":"closed","template":"","meta":{"footnotes":""},"class_list":["post-2068","page","type-page","status-publish","hentry"],"_links":{"self":[{"href":"https:\/\/www.heger.legal\/index.php\/wp-json\/wp\/v2\/pages\/2068","targetHints":{"allow":["GET"]}}],"collection":[{"href":"https:\/\/www.heger.legal\/index.php\/wp-json\/wp\/v2\/pages"}],"about":[{"href":"https:\/\/www.heger.legal\/index.php\/wp-json\/wp\/v2\/types\/page"}],"author":[{"embeddable":true,"href":"https:\/\/www.heger.legal\/index.php\/wp-json\/wp\/v2\/users\/1"}],"replies":[{"embeddable":true,"href":"https:\/\/www.heger.legal\/index.php\/wp-json\/wp\/v2\/comments?post=2068"}],"version-history":[{"count":2,"href":"https:\/\/www.heger.legal\/index.php\/wp-json\/wp\/v2\/pages\/2068\/revisions"}],"predecessor-version":[{"id":2070,"href":"https:\/\/www.heger.legal\/index.php\/wp-json\/wp\/v2\/pages\/2068\/revisions\/2070"}],"wp:attachment":[{"href":"https:\/\/www.heger.legal\/index.php\/wp-json\/wp\/v2\/media?parent=2068"}],"curies":[{"name":"wp","href":"https:\/\/api.w.org\/{rel}","templated":true}]}}